{"id":1079,"date":"2020-11-21T09:03:53","date_gmt":"2020-11-21T08:03:53","guid":{"rendered":"https:\/\/www.klausgesellschaft-muehlau.ch\/?page_id=1079"},"modified":"2022-11-13T09:50:27","modified_gmt":"2022-11-13T08:50:27","slug":"adventsstrasse-2020","status":"publish","type":"page","link":"https:\/\/klausgesellschaft-muehlau.ch\/wp\/adventsfenster\/adventsstrasse-2020\/","title":{"rendered":"Adventsstrasse 2020"},"content":{"rendered":"\n<table id=\"tablepress-AS2020\" class=\"tablepress tablepress-id-AS2020\">\n<thead>\n<tr class=\"row-1\">\n\t<th class=\"column-1\">Datum<\/th><th class=\"column-2\">Name<\/th><th class=\"column-3\">Vorname<\/th><th class=\"column-4\">Adresse<\/th><td class=\"column-5\"><\/td>\n<\/tr>\n<\/thead>\n<tbody class=\"row-striping row-hover\">\n<tr class=\"row-2\">\n\t<td class=\"column-1\">1.12.2020<\/td><td class=\"column-2\">Schmidli<\/td><td class=\"column-3\">Yvonne<\/td><td class=\"column-4\">K\u00e4serei<\/td><td class=\"column-5\"><\/td>\n<\/tr>\n<tr class=\"row-3\">\n\t<td class=\"column-1\">2.12.2020<\/td><td class=\"column-2\">Frauenbund<\/td><td class=\"column-3\"><\/td><td class=\"column-4\">Infokasten vor der Kirche<\/td><td class=\"column-5\"><\/td>\n<\/tr>\n<tr class=\"row-4\">\n\t<td class=\"column-1\">3.12.2020<\/td><td class=\"column-2\">Scherer<\/td><td class=\"column-3\">Petra<\/td><td class=\"column-4\">Schorenstrasse 37<\/td><td class=\"column-5\"><\/td>\n<\/tr>\n<tr class=\"row-5\">\n\t<td class=\"column-1\">4.12.2020<\/td><td class=\"column-2\">Familie K\u00e4ppeli<\/td><td class=\"column-3\">Edy und Regula<\/td><td class=\"column-4\">im Feld 4<\/td><td class=\"column-5\"><\/td>\n<\/tr>\n<tr class=\"row-6\">\n\t<td class=\"column-1\">5.12.2020<\/td><td class=\"column-2\">Familie Brunner<\/td><td class=\"column-3\">Herbert Und Yvonne<\/td><td class=\"column-4\">R\u00fcstenschwilerstrasse 7<\/td><td class=\"column-5\"><\/td>\n<\/tr>\n<tr class=\"row-7\">\n\t<td class=\"column-1\">6.12.2020<\/td><td class=\"column-2\">Klausgesellschaft<\/td><td class=\"column-3\"><\/td><td class=\"column-4\">Schulhausstrasse 1<\/td><td class=\"column-5\"><\/td>\n<\/tr>\n<tr class=\"row-8\">\n\t<td class=\"column-1\">7.12.2020<\/td><td class=\"column-2\">Bibliothek<\/td><td class=\"column-3\"><\/td><td class=\"column-4\">Gemeindehaus<\/td><td class=\"column-5\"><\/td>\n<\/tr>\n<tr class=\"row-9\">\n\t<td class=\"column-1\">8.12.2020<\/td><td class=\"column-2\">Strebel<\/td><td class=\"column-3\">Regi<\/td><td class=\"column-4\">Restaurant Storchen<\/td><td class=\"column-5\"><\/td>\n<\/tr>\n<tr class=\"row-10\">\n\t<td class=\"column-1\">9.12.2020<\/td><td class=\"column-2\">Familie Sch\u00e4rer<\/td><td class=\"column-3\">Urs und Cornelia<\/td><td class=\"column-4\">Hofstatt\u00e4cher 14<\/td><td class=\"column-5\"><\/td>\n<\/tr>\n<tr class=\"row-11\">\n\t<td class=\"column-1\">10.12.2020<\/td><td class=\"column-2\">Caplazi<\/td><td class=\"column-3\">Ursina<\/td><td class=\"column-4\">Schmittenplatz 4<\/td><td class=\"column-5\"><\/td>\n<\/tr>\n<tr class=\"row-12\">\n\t<td class=\"column-1\">11.12.2020<\/td><td class=\"column-2\">Familie Bircher<\/td><td class=\"column-3\">Arthur und Rahel<\/td><td class=\"column-4\">Hofstatt\u00e4cher 4<\/td><td class=\"column-5\"><\/td>\n<\/tr>\n<tr class=\"row-13\">\n\t<td class=\"column-1\">12.12.2020<\/td><td class=\"column-2\">Schad <\/td><td class=\"column-3\">Monica<\/td><td class=\"column-4\">Reussblickweg 4<\/td><td class=\"column-5\"><\/td>\n<\/tr>\n<tr class=\"row-14\">\n\t<td class=\"column-1\">13.12.2020<\/td><td class=\"column-2\">Huwyler<\/td><td class=\"column-3\">Paul und Caroline<\/td><td class=\"column-4\">Hofstatt\u00e4cher 28<\/td><td class=\"column-5\"><\/td>\n<\/tr>\n<tr class=\"row-15\">\n\t<td class=\"column-1\">14.12.2020<\/td><td class=\"column-2\">Kindergarten<\/td><td class=\"column-3\">Frau Wenger<\/td><td class=\"column-4\">Schulanlage<\/td><td class=\"column-5\"><\/td>\n<\/tr>\n<tr class=\"row-16\">\n\t<td class=\"column-1\">15.12.2020<\/td><td class=\"column-2\">Schule<\/td><td class=\"column-3\"><\/td><td class=\"column-4\">Schule<\/td><td class=\"column-5\"><\/td>\n<\/tr>\n<tr class=\"row-17\">\n\t<td class=\"column-1\">16.12.2020<\/td><td class=\"column-2\">Heim<\/td><td class=\"column-3\">Margrit<\/td><td class=\"column-4\">Schorenstrasse 46<\/td><td class=\"column-5\"><\/td>\n<\/tr>\n<tr class=\"row-18\">\n\t<td class=\"column-1\">17.12.2020<\/td><td class=\"column-2\">Familie Jenny<\/td><td class=\"column-3\"><\/td><td class=\"column-4\">Hofstatt\u00e4cher 18<\/td><td class=\"column-5\"><\/td>\n<\/tr>\n<tr class=\"row-19\">\n\t<td class=\"column-1\">18.12.2020<\/td><td class=\"column-2\">K\u00fcng und St\u00f6ckli<\/td><td class=\"column-3\">Monika und Yvonne<\/td><td class=\"column-4\">Mettenfeld 21<\/td><td class=\"column-5\"><\/td>\n<\/tr>\n<tr class=\"row-20\">\n\t<td class=\"column-1\">19.12.2020<\/td><td class=\"column-2\">Michel<\/td><td class=\"column-3\">Hans-Peter<\/td><td class=\"column-4\">Bahnhofstrasse 18<\/td><td class=\"column-5\"><\/td>\n<\/tr>\n<tr class=\"row-21\">\n\t<td class=\"column-1\">20.12.2020<\/td><td class=\"column-2\">Hoenig <\/td><td class=\"column-3\">Hanna<\/td><td class=\"column-4\">Reussblickweg 2<\/td><td class=\"column-5\"><\/td>\n<\/tr>\n<tr class=\"row-22\">\n\t<td class=\"column-1\">21.12.2020<\/td><td class=\"column-2\">Familie Scheuber<\/td><td class=\"column-3\">Rahel<\/td><td class=\"column-4\">Reusstrasse 4<\/td><td class=\"column-5\"><\/td>\n<\/tr>\n<tr class=\"row-23\">\n\t<td class=\"column-1\">22.12.2020<\/td><td class=\"column-2\">Fam. Kratschmayer<\/td><td class=\"column-3\">Uwe und Vroni<\/td><td class=\"column-4\">Hofstatt\u00e4cher 45<\/td><td class=\"column-5\"><\/td>\n<\/tr>\n<tr class=\"row-24\">\n\t<td class=\"column-1\">23.12.2020<\/td><td class=\"column-2\">Familie B\u00f6gli<\/td><td class=\"column-3\">Isabel<\/td><td class=\"column-4\">Wiesen\u00e4cherstrasse 7<\/td><td class=\"column-5\"><\/td>\n<\/tr>\n<tr class=\"row-25\">\n\t<td class=\"column-1\">24.12.2020<\/td><td class=\"column-2\">Kirche<\/td><td class=\"column-3\"><\/td><td class=\"column-4\">Krippe in der Kirche<\/td><td class=\"column-5\"><\/td>\n<\/tr>\n<\/tbody>\n<\/table>\n<!-- #tablepress-AS2020 from cache -->\n<p>Das Fenster des jeweiligen Tages bitte bereits am Morgen \u00f6ffnen und beleuchten.<br \/>\nFensterbeleuchtung jeweils am Morgen bis 08.00 Uhr und am Abend ab 17.00 Uhr<\/p>\n<p><span style=\"color: #ff0000;\">Dieses Jahr k\u00f6nnen aus aktuellem Anlass keine Stubete durchgef\u00fchrt werden.<\/span><\/p>\n<p>Die Adventsstrasse 2020 dauert bis und mit 06. Januar 2021<\/p>\n<p>Die Klausgesellschaft M\u00fchlau dankt alle f\u00fcr die Mithilfe an diesem sch\u00f6nen Brauch<\/p>\n","protected":false},"excerpt":{"rendered":"<p>Das Fenster des jeweiligen Tages bitte bereits am Morgen \u00f6ffnen und beleuchten. Fensterbeleuchtung jeweils am Morgen bis 08.00 Uhr und &hellip; <a href=\"https:\/\/klausgesellschaft-muehlau.ch\/wp\/adventsfenster\/adventsstrasse-2020\/\" class=\"more-link\">Continue reading <span class=\"screen-reader-text\">Adventsstrasse 2020<\/span><\/a><\/p>\n","protected":false},"author":3,"featured_media":0,"parent":355,"menu_order":0,"comment_status":"closed","ping_status":"closed","template":"","meta":{"ngg_post_thumbnail":0,"footnotes":""},"class_list":["post-1079","page","type-page","status-publish","hentry"],"_links":{"self":[{"href":"https:\/\/klausgesellschaft-muehlau.ch\/wp\/wp-json\/wp\/v2\/pages\/1079","targetHints":{"allow":["GET"]}}],"collection":[{"href":"https:\/\/klausgesellschaft-muehlau.ch\/wp\/wp-json\/wp\/v2\/pages"}],"about":[{"href":"https:\/\/klausgesellschaft-muehlau.ch\/wp\/wp-json\/wp\/v2\/types\/page"}],"author":[{"embeddable":true,"href":"https:\/\/klausgesellschaft-muehlau.ch\/wp\/wp-json\/wp\/v2\/users\/3"}],"replies":[{"embeddable":true,"href":"https:\/\/klausgesellschaft-muehlau.ch\/wp\/wp-json\/wp\/v2\/comments?post=1079"}],"version-history":[{"count":1,"href":"https:\/\/klausgesellschaft-muehlau.ch\/wp\/wp-json\/wp\/v2\/pages\/1079\/revisions"}],"predecessor-version":[{"id":1080,"href":"https:\/\/klausgesellschaft-muehlau.ch\/wp\/wp-json\/wp\/v2\/pages\/1079\/revisions\/1080"}],"up":[{"embeddable":true,"href":"https:\/\/klausgesellschaft-muehlau.ch\/wp\/wp-json\/wp\/v2\/pages\/355"}],"wp:attachment":[{"href":"https:\/\/klausgesellschaft-muehlau.ch\/wp\/wp-json\/wp\/v2\/media?parent=1079"}],"curies":[{"name":"wp","href":"https:\/\/api.w.org\/{rel}","templated":true}]}}