{"id":1130,"date":"2021-11-03T09:30:02","date_gmt":"2021-11-03T08:30:02","guid":{"rendered":"https:\/\/www.klausgesellschaft-muehlau.ch\/?page_id=1130"},"modified":"2022-11-13T09:50:27","modified_gmt":"2022-11-13T08:50:27","slug":"adventsstrasse-2021","status":"publish","type":"page","link":"https:\/\/klausgesellschaft-muehlau.ch\/wp\/adventsfenster\/adventsstrasse-2021\/","title":{"rendered":"Adventsstrasse 2021"},"content":{"rendered":"\n<table id=\"tablepress-AS2021\" class=\"tablepress tablepress-id-AS2021\">\n<thead>\n<tr class=\"row-1\">\n\t<th class=\"column-1\">Datum<\/th><th class=\"column-2\">Name<\/th><th class=\"column-3\">Vorname<\/th><th class=\"column-4\">Adresse<\/th><td class=\"column-5\"><\/td>\n<\/tr>\n<\/thead>\n<tbody class=\"row-striping row-hover\">\n<tr class=\"row-2\">\n\t<td class=\"column-1\">01<\/td><td class=\"column-2\">Klausgesellschaft<\/td><td class=\"column-3\">Laterne<\/td><td class=\"column-4\">Gemeindehaus<\/td><td class=\"column-5\"><\/td>\n<\/tr>\n<tr class=\"row-3\">\n\t<td class=\"column-1\">02<\/td><td class=\"column-2\">Schmidli<\/td><td class=\"column-3\">Yvonne<\/td><td class=\"column-4\">K\u00e4serei<\/td><td class=\"column-5\"><\/td>\n<\/tr>\n<tr class=\"row-4\">\n\t<td class=\"column-1\">03<\/td><td class=\"column-2\">Sch\u00e4rer<\/td><td class=\"column-3\">Cornelia und Urs<\/td><td class=\"column-4\">Hofstatt\u00e4cher 14<\/td><td class=\"column-5\"><\/td>\n<\/tr>\n<tr class=\"row-5\">\n\t<td class=\"column-1\">04<\/td><td class=\"column-2\">Familien Zimmermann, Bucher, Sidler<\/td><td class=\"column-3\"><\/td><td class=\"column-4\">Bahnhofstrasse 2 \/ 4 \/ 6<\/td><td class=\"column-5\"><\/td>\n<\/tr>\n<tr class=\"row-6\">\n\t<td class=\"column-1\">05<\/td><td class=\"column-2\">Strebel<\/td><td class=\"column-3\">Regula<\/td><td class=\"column-4\">Restaurant Storchen<\/td><td class=\"column-5\"><\/td>\n<\/tr>\n<tr class=\"row-7\">\n\t<td class=\"column-1\">06<\/td><td class=\"column-2\">Bibliothek<\/td><td class=\"column-3\"><\/td><td class=\"column-4\">Gemeindehaus<\/td><td class=\"column-5\"><\/td>\n<\/tr>\n<tr class=\"row-8\">\n\t<td class=\"column-1\">07<\/td><td class=\"column-2\">Frauenbund<\/td><td class=\"column-3\"><\/td><td class=\"column-4\">Informationskasten Kirche<\/td><td class=\"column-5\"><\/td>\n<\/tr>\n<tr class=\"row-9\">\n\t<td class=\"column-1\">08<\/td><td class=\"column-2\">Scherer<\/td><td class=\"column-3\">Petra<\/td><td class=\"column-4\">Schorenstrasse 37<\/td><td class=\"column-5\"><\/td>\n<\/tr>\n<tr class=\"row-10\">\n\t<td class=\"column-1\">09<\/td><td class=\"column-2\">Heim<\/td><td class=\"column-3\">Margrit<\/td><td class=\"column-4\">Schorenstrasse 46<\/td><td class=\"column-5\"><\/td>\n<\/tr>\n<tr class=\"row-11\">\n\t<td class=\"column-1\">10<\/td><td class=\"column-2\">Sidler<\/td><td class=\"column-3\">Beny<\/td><td class=\"column-4\">Mettenfeld 7<\/td><td class=\"column-5\"><\/td>\n<\/tr>\n<tr class=\"row-12\">\n\t<td class=\"column-1\">11<\/td><td class=\"column-2\">Egger<\/td><td class=\"column-3\">Johanna<\/td><td class=\"column-4\">Obere Haitiweiden 8<\/td><td class=\"column-5\"><\/td>\n<\/tr>\n<tr class=\"row-13\">\n\t<td class=\"column-1\">12<\/td><td class=\"column-2\">Bircher<\/td><td class=\"column-3\">Arthur und Rahel<\/td><td class=\"column-4\">Hofstatt\u00e4cher 4<\/td><td class=\"column-5\"><\/td>\n<\/tr>\n<tr class=\"row-14\">\n\t<td class=\"column-1\">13<\/td><td class=\"column-2\">Kindergarten<\/td><td class=\"column-3\">Frau Wenger<\/td><td class=\"column-4\">Schulanlage<\/td><td class=\"column-5\"><\/td>\n<\/tr>\n<tr class=\"row-15\">\n\t<td class=\"column-1\">14<\/td><td class=\"column-2\">Schule<\/td><td class=\"column-3\">Lehrerinnen Team<\/td><td class=\"column-4\">Schulanlage<\/td><td class=\"column-5\"><\/td>\n<\/tr>\n<tr class=\"row-16\">\n\t<td class=\"column-1\">15<\/td><td class=\"column-2\">Wey<\/td><td class=\"column-3\">Lisbeth und Roland<\/td><td class=\"column-4\">Wiesen\u00e4cherstrasse 10<\/td><td class=\"column-5\"><\/td>\n<\/tr>\n<tr class=\"row-17\">\n\t<td class=\"column-1\">16<\/td><td class=\"column-2\">Nadig<\/td><td class=\"column-3\">Melinda<\/td><td class=\"column-4\">Schmittenplatz 4<\/td><td class=\"column-5\"><\/td>\n<\/tr>\n<tr class=\"row-18\">\n\t<td class=\"column-1\">17<\/td><td class=\"column-2\">Michel<\/td><td class=\"column-3\">Hans-Peter<\/td><td class=\"column-4\">Bahnhofstrasse 18<\/td><td class=\"column-5\"><\/td>\n<\/tr>\n<tr class=\"row-19\">\n\t<td class=\"column-1\">18<\/td><td class=\"column-2\">Familien K\u00fcng und St\u00f6ckli<\/td><td class=\"column-3\"><\/td><td class=\"column-4\">Mettenfeld 21<\/td><td class=\"column-5\"><\/td>\n<\/tr>\n<tr class=\"row-20\">\n\t<td class=\"column-1\">19<\/td><td class=\"column-2\">Hoenig<\/td><td class=\"column-3\">Hanna<\/td><td class=\"column-4\">Reussblickweg 2<\/td><td class=\"column-5\"><\/td>\n<\/tr>\n<tr class=\"row-21\">\n\t<td class=\"column-1\">20<\/td><td class=\"column-2\">Kratschmayer<\/td><td class=\"column-3\">Vroni<\/td><td class=\"column-4\">Hofstatt\u00e4cher 45<\/td><td class=\"column-5\"><\/td>\n<\/tr>\n<tr class=\"row-22\">\n\t<td class=\"column-1\">21<\/td><td class=\"column-2\">Schad<\/td><td class=\"column-3\">Monica<\/td><td class=\"column-4\">Reussblickweg 4<\/td><td class=\"column-5\"><\/td>\n<\/tr>\n<tr class=\"row-23\">\n\t<td class=\"column-1\">22<\/td><td class=\"column-2\">Familien Anderegg und Peter<\/td><td class=\"column-3\"><\/td><td class=\"column-4\">Kr\u00e4henb\u00fchl 5<\/td><td class=\"column-5\"><\/td>\n<\/tr>\n<tr class=\"row-24\">\n\t<td class=\"column-1\">23<\/td><td class=\"column-2\">Huwyler<\/td><td class=\"column-3\">Caroline und Paul<\/td><td class=\"column-4\">Hofstatt\u00e4cher 28<\/td><td class=\"column-5\"><\/td>\n<\/tr>\n<tr class=\"row-25\">\n\t<td class=\"column-1\">24<\/td><td class=\"column-2\">Kirche<\/td><td class=\"column-3\">Krippe in der Kirche<\/td><td class=\"column-4\"><\/td><td class=\"column-5\"><\/td>\n<\/tr>\n<\/tbody>\n<\/table>\n<!-- #tablepress-AS2021 from cache -->\n<p>Das Fenster des jeweiligen Tages bitte bereits am Morgen \u00f6ffnen und beleuchten.<br \/>\nFensterbeleuchtung jeweils am Morgen bis 08.00 Uhr und am Abend ab 17.00 Uhr<\/p>\n<p>Dieses Jahr k\u00f6nnen aus aktuellem Anlass keine Stubete durchgef\u00fchrt werden.<\/p>\n<p>Die Adventsstrasse 2021 dauert bis und mit 06. Januar 2022<\/p>\n<p>Die Klausgesellschaft M\u00fchlau dankt alle f\u00fcr die Mithilfe an diesem sch\u00f6nen Brauch<\/p>\n","protected":false},"excerpt":{"rendered":"<p>Das Fenster des jeweiligen Tages bitte bereits am Morgen \u00f6ffnen und beleuchten. Fensterbeleuchtung jeweils am Morgen bis 08.00 Uhr und &hellip; <a href=\"https:\/\/klausgesellschaft-muehlau.ch\/wp\/adventsfenster\/adventsstrasse-2021\/\" class=\"more-link\">Continue reading <span class=\"screen-reader-text\">Adventsstrasse 2021<\/span><\/a><\/p>\n","protected":false},"author":3,"featured_media":0,"parent":355,"menu_order":0,"comment_status":"closed","ping_status":"closed","template":"","meta":{"ngg_post_thumbnail":0,"footnotes":""},"class_list":["post-1130","page","type-page","status-publish","hentry"],"_links":{"self":[{"href":"https:\/\/klausgesellschaft-muehlau.ch\/wp\/wp-json\/wp\/v2\/pages\/1130","targetHints":{"allow":["GET"]}}],"collection":[{"href":"https:\/\/klausgesellschaft-muehlau.ch\/wp\/wp-json\/wp\/v2\/pages"}],"about":[{"href":"https:\/\/klausgesellschaft-muehlau.ch\/wp\/wp-json\/wp\/v2\/types\/page"}],"author":[{"embeddable":true,"href":"https:\/\/klausgesellschaft-muehlau.ch\/wp\/wp-json\/wp\/v2\/users\/3"}],"replies":[{"embeddable":true,"href":"https:\/\/klausgesellschaft-muehlau.ch\/wp\/wp-json\/wp\/v2\/comments?post=1130"}],"version-history":[{"count":3,"href":"https:\/\/klausgesellschaft-muehlau.ch\/wp\/wp-json\/wp\/v2\/pages\/1130\/revisions"}],"predecessor-version":[{"id":1163,"href":"https:\/\/klausgesellschaft-muehlau.ch\/wp\/wp-json\/wp\/v2\/pages\/1130\/revisions\/1163"}],"up":[{"embeddable":true,"href":"https:\/\/klausgesellschaft-muehlau.ch\/wp\/wp-json\/wp\/v2\/pages\/355"}],"wp:attachment":[{"href":"https:\/\/klausgesellschaft-muehlau.ch\/wp\/wp-json\/wp\/v2\/media?parent=1130"}],"curies":[{"name":"wp","href":"https:\/\/api.w.org\/{rel}","templated":true}]}}