{"id":1628,"date":"2025-11-17T05:44:55","date_gmt":"2025-11-17T04:44:55","guid":{"rendered":"https:\/\/klausgesellschaft-muehlau.ch\/wp\/?page_id=1628"},"modified":"2025-11-25T21:21:12","modified_gmt":"2025-11-25T20:21:12","slug":"adventsstrasse-2025","status":"publish","type":"page","link":"https:\/\/klausgesellschaft-muehlau.ch\/wp\/adventsfenster\/adventsstrasse-2025\/","title":{"rendered":"Adventsstrasse 2025"},"content":{"rendered":"\n<table id=\"tablepress-AS2025\"  class=\"tablepress tablepress-id-AS2025 table table-hover\" >\n<thead>\n<tr class=\"row-1\">\n\t<th class=\"column-1\">Datum<\/th><th class=\"column-2\">Name<\/th><th class=\"column-3\">Vorname<\/th><th class=\"column-4\">Adresse<\/th><th class=\"column-5\">Stubete<\/th>\n<\/tr>\n<\/thead>\n<tbody class=\"row-striping row-hover\">\n<tr class=\"row-2\">\n\t<td class=\"column-1\">01<\/td><td class=\"column-2\">Scherer<\/td><td class=\"column-3\">Familie<\/td><td class=\"column-4\">Schorenstrasse 37<\/td><td class=\"column-5\">19:00<\/td>\n<\/tr>\n<tr class=\"row-3\">\n\t<td class=\"column-1\">02<\/td><td class=\"column-2\">Brunner<\/td><td class=\"column-3\">Familie<\/td><td class=\"column-4\">R\u00fcstenschwilerstrasse 7<\/td><td class=\"column-5\">nein<\/td>\n<\/tr>\n<tr class=\"row-4\">\n\t<td class=\"column-1\">03<\/td><td class=\"column-2\">Restaurant Storchen<\/td><td class=\"column-3\"><\/td><td class=\"column-4\">Luzernerstrasse 3<\/td><td class=\"column-5\">19:00<\/td>\n<\/tr>\n<tr class=\"row-5\">\n\t<td class=\"column-1\">04<\/td><td class=\"column-2\">Massagestudio<\/td><td class=\"column-3\">Tanja Eberle<\/td><td class=\"column-4\">Luzernerstrasse 2<\/td><td class=\"column-5\">17:30 &#8211; 19:30<\/td>\n<\/tr>\n<tr class=\"row-6\">\n\t<td class=\"column-1\">05<\/td><td class=\"column-2\">Flowers &amp; Leaves<\/td><td class=\"column-3\"><\/td><td class=\"column-4\">Mettenfeldring 4<\/td><td class=\"column-5\">18:00<\/td>\n<\/tr>\n<tr class=\"row-7\">\n\t<td class=\"column-1\">06<\/td><td class=\"column-2\">Klausgesellschaft<\/td><td class=\"column-3\"><\/td><td class=\"column-4\">Lichtkasten Schulhausweg<\/td><td class=\"column-5\">nein<\/td>\n<\/tr>\n<tr class=\"row-8\">\n\t<td class=\"column-1\">07<\/td><td class=\"column-2\">Erb<\/td><td class=\"column-3\">Familie<\/td><td class=\"column-4\">Bahnhofstrasse 6<\/td><td class=\"column-5\">nein<\/td>\n<\/tr>\n<tr class=\"row-9\">\n\t<td class=\"column-1\">08<\/td><td class=\"column-2\">Kindergarten<\/td><td class=\"column-3\"><\/td><td class=\"column-4\">Schulhausweg 3<\/td><td class=\"column-5\">nein<\/td>\n<\/tr>\n<tr class=\"row-10\">\n\t<td class=\"column-1\">09<\/td><td class=\"column-2\">Schule<\/td><td class=\"column-3\">Pausenplatz<\/td><td class=\"column-4\">Schulhausweg 2<\/td><td class=\"column-5\">18:30<\/td>\n<\/tr>\n<tr class=\"row-11\">\n\t<td class=\"column-1\">10<\/td><td class=\"column-2\">Frauenbund<\/td><td class=\"column-3\">Aussenkasten<\/td><td class=\"column-4\">bei der Kirche<\/td><td class=\"column-5\">19:30<\/td>\n<\/tr>\n<tr class=\"row-12\">\n\t<td class=\"column-1\">11<\/td><td class=\"column-2\">Kinderkram<\/td><td class=\"column-3\"><\/td><td class=\"column-4\">R\u00fcstenschwilerstrasse 4<\/td><td class=\"column-5\">nein<\/td>\n<\/tr>\n<tr class=\"row-13\">\n\t<td class=\"column-1\">12<\/td><td class=\"column-2\">Heim<\/td><td class=\"column-3\">Margrit<\/td><td class=\"column-4\">Schorenstrasse 46<\/td><td class=\"column-5\">19:00<\/td>\n<\/tr>\n<tr class=\"row-14\">\n\t<td class=\"column-1\">13<\/td><td class=\"column-2\">Bircher<\/td><td class=\"column-3\">Familie<\/td><td class=\"column-4\">Hofstatt\u00e4cher 4<\/td><td class=\"column-5\">18:00<\/td>\n<\/tr>\n<tr class=\"row-15\">\n\t<td class=\"column-1\">14<\/td><td class=\"column-2\">Meier<\/td><td class=\"column-3\">Familie<\/td><td class=\"column-4\">Bahnhofstrasse 9<\/td><td class=\"column-5\">nein<\/td>\n<\/tr>\n<tr class=\"row-16\">\n\t<td class=\"column-1\">15<\/td><td class=\"column-2\">Michel &#8211; K\u00e4lin<\/td><td class=\"column-3\">Familie<\/td><td class=\"column-4\">Bahnhofstrasse 18<\/td><td class=\"column-5\">nein<\/td>\n<\/tr>\n<tr class=\"row-17\">\n\t<td class=\"column-1\">16<\/td><td class=\"column-2\">nat\u00fcrlichsch\u00f6n<\/td><td class=\"column-3\">Floristik + Kaffee<\/td><td class=\"column-4\">Kr\u00e4henb\u00fchl 2<\/td><td class=\"column-5\">17:00 &#8211; 19:00<\/td>\n<\/tr>\n<tr class=\"row-18\">\n\t<td class=\"column-1\">17<\/td><td class=\"column-2\">K\u00e4ppeli<\/td><td class=\"column-3\">Familie<\/td><td class=\"column-4\">im Feld 4<\/td><td class=\"column-5\">19:00<\/td>\n<\/tr>\n<tr class=\"row-19\">\n\t<td class=\"column-1\">18<\/td><td class=\"column-2\">Volg M\u00fchlau<\/td><td class=\"column-3\"><\/td><td class=\"column-4\">Aarauerstrasse 2<\/td><td class=\"column-5\">17:00 &#8211; 19:00<\/td>\n<\/tr>\n<tr class=\"row-20\">\n\t<td class=\"column-1\">19<\/td><td class=\"column-2\">Verein Mettlerfield<\/td><td class=\"column-3\"><\/td><td class=\"column-4\">Kr\u00e4henb\u00fchl 15<\/td><td class=\"column-5\">18:00<\/td>\n<\/tr>\n<tr class=\"row-21\">\n\t<td class=\"column-1\">20<\/td><td class=\"column-2\">Restaurant Schoren<\/td><td class=\"column-3\"><\/td><td class=\"column-4\">Schorenstrasse 7<\/td><td class=\"column-5\">19:00<\/td>\n<\/tr>\n<tr class=\"row-22\">\n\t<td class=\"column-1\">21<\/td><td class=\"column-2\">Blumenwerkstatt<\/td><td class=\"column-3\"><\/td><td class=\"column-4\">Schorenstrasse 8<\/td><td class=\"column-5\">nein<\/td>\n<\/tr>\n<tr class=\"row-23\">\n\t<td class=\"column-1\">22<\/td><td class=\"column-2\">Sch\u00e4rer<\/td><td class=\"column-3\">Familie<\/td><td class=\"column-4\">Hofstatt\u00e4cher 14<\/td><td class=\"column-5\">nein<\/td>\n<\/tr>\n<tr class=\"row-24\">\n\t<td class=\"column-1\">23<\/td><td class=\"column-2\">Hoenig<\/td><td class=\"column-3\">Hanna<\/td><td class=\"column-4\">Reussblickstrasse 2<\/td><td class=\"column-5\">19:00<\/td>\n<\/tr>\n<tr class=\"row-25\">\n\t<td class=\"column-1\">24<\/td><td class=\"column-2\">Kirche<\/td><td class=\"column-3\"><\/td><td class=\"column-4\">Krippe in der Kirche<\/td><td class=\"column-5\">nein<\/td>\n<\/tr>\n<\/tbody>\n<\/table>\n<!-- #tablepress-AS2025 from cache -->\n\n\n<p>Das Fenster des jeweiligen Tages am Morgen \u00f6ffnen. Beleuchtung bis 8 Uhr ist freiwillig.<br>Fensterbeleuchtung jeweils am Abend ab 17.00 bis 22.00 Uhr. L\u00e4nger ist freiwillig.<\/p>\n\n\n\n<p>Stubete finden gem\u00e4ss den Angaben in der Spalte Besuche statt. Normalerweise ab 19 Uhr.<\/p>\n\n\n\n<p>Die Adventsstrasse 2025 ist bis und mit 06. Januar 2026 beleuchtet.<\/p>\n\n\n\n<p>Die Klausgesellschaft M\u00fchlau dankt allen f\u00fcr die Mithilfe an diesem sch\u00f6nen Brauch<\/p>\n","protected":false},"excerpt":{"rendered":"<p>Das Fenster des jeweiligen Tages am Morgen \u00f6ffnen. Beleuchtung bis 8 Uhr ist freiwillig.Fensterbeleuchtung jeweils am Abend ab 17.00 bis &hellip; <a href=\"https:\/\/klausgesellschaft-muehlau.ch\/wp\/adventsfenster\/adventsstrasse-2025\/\" class=\"more-link\">Continue reading <span class=\"screen-reader-text\">Adventsstrasse 2025<\/span><\/a><\/p>\n","protected":false},"author":3,"featured_media":0,"parent":355,"menu_order":0,"comment_status":"closed","ping_status":"closed","template":"","meta":{"ngg_post_thumbnail":0,"footnotes":""},"class_list":["post-1628","page","type-page","status-publish","hentry"],"_links":{"self":[{"href":"https:\/\/klausgesellschaft-muehlau.ch\/wp\/wp-json\/wp\/v2\/pages\/1628","targetHints":{"allow":["GET"]}}],"collection":[{"href":"https:\/\/klausgesellschaft-muehlau.ch\/wp\/wp-json\/wp\/v2\/pages"}],"about":[{"href":"https:\/\/klausgesellschaft-muehlau.ch\/wp\/wp-json\/wp\/v2\/types\/page"}],"author":[{"embeddable":true,"href":"https:\/\/klausgesellschaft-muehlau.ch\/wp\/wp-json\/wp\/v2\/users\/3"}],"replies":[{"embeddable":true,"href":"https:\/\/klausgesellschaft-muehlau.ch\/wp\/wp-json\/wp\/v2\/comments?post=1628"}],"version-history":[{"count":1,"href":"https:\/\/klausgesellschaft-muehlau.ch\/wp\/wp-json\/wp\/v2\/pages\/1628\/revisions"}],"predecessor-version":[{"id":1629,"href":"https:\/\/klausgesellschaft-muehlau.ch\/wp\/wp-json\/wp\/v2\/pages\/1628\/revisions\/1629"}],"up":[{"embeddable":true,"href":"https:\/\/klausgesellschaft-muehlau.ch\/wp\/wp-json\/wp\/v2\/pages\/355"}],"wp:attachment":[{"href":"https:\/\/klausgesellschaft-muehlau.ch\/wp\/wp-json\/wp\/v2\/media?parent=1628"}],"curies":[{"name":"wp","href":"https:\/\/api.w.org\/{rel}","templated":true}]}}