{"id":718,"date":"2016-11-30T11:13:00","date_gmt":"2016-11-30T10:13:00","guid":{"rendered":"http:\/\/www.klausgesellschaft-muehlau.ch\/wp\/?page_id=718"},"modified":"2022-11-13T09:50:27","modified_gmt":"2022-11-13T08:50:27","slug":"adventsstrasse-2016","status":"publish","type":"page","link":"https:\/\/klausgesellschaft-muehlau.ch\/wp\/adventsfenster\/adventsstrasse-2016\/","title":{"rendered":"Adventsstrasse 2016"},"content":{"rendered":"\n<table id=\"tablepress-AF2016\" class=\"tablepress tablepress-id-AF2016\">\n<thead>\n<tr class=\"row-1\">\n\t<th class=\"column-1\">Dat.<\/th><th class=\"column-2\">Name:<\/th><th class=\"column-3\">Vorname:<\/th><th class=\"column-4\">Adresse<\/th><th class=\"column-5\">Stubete<\/th><td class=\"column-6\"><\/td>\n<\/tr>\n<\/thead>\n<tbody class=\"row-striping row-hover\">\n<tr class=\"row-2\">\n\t<td class=\"column-1\">01<\/td><td class=\"column-2\">Sidler<\/td><td class=\"column-3\">Beni<\/td><td class=\"column-4\">Hofstatt\u00e4cher 4<\/td><td class=\"column-5\">nein<\/td><td class=\"column-6\"><\/td>\n<\/tr>\n<tr class=\"row-3\">\n\t<td class=\"column-1\">02<\/td><td class=\"column-2\">Arnold<\/td><td class=\"column-3\">Familie<\/td><td class=\"column-4\">Aarauerstrasse 35<\/td><td class=\"column-5\">ja<\/td><td class=\"column-6\"><\/td>\n<\/tr>\n<tr class=\"row-4\">\n\t<td class=\"column-1\">03<\/td><td class=\"column-2\">Frauenbund<\/td><td class=\"column-3\">Kirche<\/td><td class=\"column-4\">Messe 18:00 Uhr<\/td><td class=\"column-5\">ja<\/td><td class=\"column-6\"><\/td>\n<\/tr>\n<tr class=\"row-5\">\n\t<td class=\"column-1\">04<\/td><td class=\"column-2\">Strebel<\/td><td class=\"column-3\">Regi<\/td><td class=\"column-4\">Restaurant Storchen<\/td><td class=\"column-5\">17-20 Uhr<\/td><td class=\"column-6\"><\/td>\n<\/tr>\n<tr class=\"row-6\">\n\t<td class=\"column-1\">05<\/td><td class=\"column-2\">Bibliothek<\/td><td class=\"column-3\">\u00a0<\/td><td class=\"column-4\">Gemeindehaus w\u00e4hrend \u00d6ffnungszeiten<\/td><td class=\"column-5\">Nachm. + Abend<\/td><td class=\"column-6\"><\/td>\n<\/tr>\n<tr class=\"row-7\">\n\t<td class=\"column-1\">06<\/td><td class=\"column-2\">Klausgesellschaft<\/td><td class=\"column-3\">\u00a0<\/td><td class=\"column-4\">Schulhausweg<\/td><td class=\"column-5\">nein<\/td><td class=\"column-6\"><\/td>\n<\/tr>\n<tr class=\"row-8\">\n\t<td class=\"column-1\">07<\/td><td class=\"column-2\">K\u00e4ppeli<\/td><td class=\"column-3\">Familie<\/td><td class=\"column-4\">Im Feld 4<\/td><td class=\"column-5\">ja<\/td><td class=\"column-6\"><\/td>\n<\/tr>\n<tr class=\"row-9\">\n\t<td class=\"column-1\">08<\/td><td class=\"column-2\">Scherer<\/td><td class=\"column-3\">Familie<\/td><td class=\"column-4\">Schorenstrasse 37<\/td><td class=\"column-5\">ja<\/td><td class=\"column-6\"><\/td>\n<\/tr>\n<tr class=\"row-10\">\n\t<td class=\"column-1\">09<\/td><td class=\"column-2\">Brunner<\/td><td class=\"column-3\">Familie<\/td><td class=\"column-4\">R\u00fcstenschwilerstrase 7<\/td><td class=\"column-5\">nein<\/td><td class=\"column-6\"><\/td>\n<\/tr>\n<tr class=\"row-11\">\n\t<td class=\"column-1\">10<\/td><td class=\"column-2\">Sch\u00e4r<\/td><td class=\"column-3\">\u00a0Familie<\/td><td class=\"column-4\">Haitiweiden 22<\/td><td class=\"column-5\">ja<\/td><td class=\"column-6\"><\/td>\n<\/tr>\n<tr class=\"row-12\">\n\t<td class=\"column-1\">11<\/td><td class=\"column-2\">Pranghofer - Pohle<\/td><td class=\"column-3\">Sigrid und Frank<\/td><td class=\"column-4\">Luzernerstrasse 38<\/td><td class=\"column-5\">ja<\/td><td class=\"column-6\"><\/td>\n<\/tr>\n<tr class=\"row-13\">\n\t<td class=\"column-1\">12<\/td><td class=\"column-2\">Villiger<\/td><td class=\"column-3\">Familie<\/td><td class=\"column-4\">Kestenbergstrasse 15<\/td><td class=\"column-5\">nein<\/td><td class=\"column-6\"><\/td>\n<\/tr>\n<tr class=\"row-14\">\n\t<td class=\"column-1\">13<\/td><td class=\"column-2\">Kinder Kram<\/td><td class=\"column-3\">\u00a0<\/td><td class=\"column-4\">R\u00fcstenschwilerstrasse 4<\/td><td class=\"column-5\">16-18 Uhr<\/td><td class=\"column-6\"><\/td>\n<\/tr>\n<tr class=\"row-15\">\n\t<td class=\"column-1\">14<\/td><td class=\"column-2\">Sidler<\/td><td class=\"column-3\">\u00a0Benni und Alois<\/td><td class=\"column-4\">Bahnhofstrasse 4<\/td><td class=\"column-5\">ja<\/td><td class=\"column-6\"><\/td>\n<\/tr>\n<tr class=\"row-16\">\n\t<td class=\"column-1\">15<\/td><td class=\"column-2\">Schad<\/td><td class=\"column-3\">\u00a0Monica<\/td><td class=\"column-4\">Reussblickweg 4<\/td><td class=\"column-5\">nein<\/td><td class=\"column-6\"><\/td>\n<\/tr>\n<tr class=\"row-17\">\n\t<td class=\"column-1\">16<\/td><td class=\"column-2\">Huwyler<\/td><td class=\"column-3\">Caroline und Paul<\/td><td class=\"column-4\">Hofstatt\u00e4cher 28<\/td><td class=\"column-5\">nein<\/td><td class=\"column-6\"><\/td>\n<\/tr>\n<tr class=\"row-18\">\n\t<td class=\"column-1\">17<\/td><td class=\"column-2\">Heim<\/td><td class=\"column-3\">Margrit<\/td><td class=\"column-4\">Schorenstrasse 46<\/td><td class=\"column-5\">ja<\/td><td class=\"column-6\"><\/td>\n<\/tr>\n<tr class=\"row-19\">\n\t<td class=\"column-1\">18<\/td><td class=\"column-2\">K\u00fcng und St\u00f6ckli<\/td><td class=\"column-3\">Monika und Yvonne<\/td><td class=\"column-4\">Mettenfeld 21<\/td><td class=\"column-5\">nein<\/td><td class=\"column-6\"><\/td>\n<\/tr>\n<tr class=\"row-20\">\n\t<td class=\"column-1\">19<\/td><td class=\"column-2\">Kindergarten<\/td><td class=\"column-3\">\u00a0<\/td><td class=\"column-4\">Kindergartenhaus<\/td><td class=\"column-5\">nein<\/td><td class=\"column-6\"><\/td>\n<\/tr>\n<tr class=\"row-21\">\n\t<td class=\"column-1\">20<\/td><td class=\"column-2\">Schule<\/td><td class=\"column-3\">\u00a0<\/td><td class=\"column-4\">Schulhaus<\/td><td class=\"column-5\">ja<\/td><td class=\"column-6\"><\/td>\n<\/tr>\n<tr class=\"row-22\">\n\t<td class=\"column-1\">21<\/td><td class=\"column-2\">Sch\u00e4rer<\/td><td class=\"column-3\">Cornelia und Urs<\/td><td class=\"column-4\">Hofstatt\u00e4cher 14<\/td><td class=\"column-5\">ja<\/td><td class=\"column-6\"><\/td>\n<\/tr>\n<tr class=\"row-23\">\n\t<td class=\"column-1\">22<\/td><td class=\"column-2\">Schelbert<\/td><td class=\"column-3\">Ir\u00e8ne<\/td><td class=\"column-4\">ob. Haitiwaiden 1<\/td><td class=\"column-5\">nein<\/td><td class=\"column-6\"><\/td>\n<\/tr>\n<tr class=\"row-24\">\n\t<td class=\"column-1\">23<\/td><td class=\"column-2\">Hoenig<\/td><td class=\"column-3\">Hanna<\/td><td class=\"column-4\">Reussblickweg 2<\/td><td class=\"column-5\">ja<\/td><td class=\"column-6\"><\/td>\n<\/tr>\n<tr class=\"row-25\">\n\t<td class=\"column-1\">24<\/td><td class=\"column-2\">Kirche<\/td><td class=\"column-3\">\u00a0<\/td><td class=\"column-4\">Krippe in der Kirche<\/td><td class=\"column-5\">nein<\/td><td class=\"column-6\"><\/td>\n<\/tr>\n<\/tbody>\n<\/table>\n<!-- #tablepress-AF2016 from cache -->\n<p>Das Fenster des jeweiligen Tages bitte bereits am Morgen \u00f6ffnen und beleuchten.<br \/>\nFensterbeleuchtung jeweils am Morgen bis 08.00 Uhr und am Abend ab 17.00 Uhr<br \/>\nDie &#8220; Stubete &#8220; werden speziell vermerkt. ( Dauer jeweils ca. von 19.00h &#8211; 21.00 h ) <\/p>\n<p>Die Adventsstrasse 2016 dauert bis und mit 06. Januar 2017      <\/p>\n<p>Die Klausgesellschaft M\u00fchlau dankt alle f\u00fcr die Mithilfe an diesem sch\u00f6nen Brauch <\/p>\n","protected":false},"excerpt":{"rendered":"<p>Das Fenster des jeweiligen Tages bitte bereits am Morgen \u00f6ffnen und beleuchten. Fensterbeleuchtung jeweils am Morgen bis 08.00 Uhr und &hellip; <a href=\"https:\/\/klausgesellschaft-muehlau.ch\/wp\/adventsfenster\/adventsstrasse-2016\/\" class=\"more-link\">Continue reading <span class=\"screen-reader-text\">Adventsstrasse 2016<\/span><\/a><\/p>\n","protected":false},"author":3,"featured_media":0,"parent":355,"menu_order":0,"comment_status":"closed","ping_status":"closed","template":"","meta":{"ngg_post_thumbnail":0,"footnotes":""},"class_list":["post-718","page","type-page","status-publish","hentry"],"_links":{"self":[{"href":"https:\/\/klausgesellschaft-muehlau.ch\/wp\/wp-json\/wp\/v2\/pages\/718","targetHints":{"allow":["GET"]}}],"collection":[{"href":"https:\/\/klausgesellschaft-muehlau.ch\/wp\/wp-json\/wp\/v2\/pages"}],"about":[{"href":"https:\/\/klausgesellschaft-muehlau.ch\/wp\/wp-json\/wp\/v2\/types\/page"}],"author":[{"embeddable":true,"href":"https:\/\/klausgesellschaft-muehlau.ch\/wp\/wp-json\/wp\/v2\/users\/3"}],"replies":[{"embeddable":true,"href":"https:\/\/klausgesellschaft-muehlau.ch\/wp\/wp-json\/wp\/v2\/comments?post=718"}],"version-history":[{"count":5,"href":"https:\/\/klausgesellschaft-muehlau.ch\/wp\/wp-json\/wp\/v2\/pages\/718\/revisions"}],"predecessor-version":[{"id":847,"href":"https:\/\/klausgesellschaft-muehlau.ch\/wp\/wp-json\/wp\/v2\/pages\/718\/revisions\/847"}],"up":[{"embeddable":true,"href":"https:\/\/klausgesellschaft-muehlau.ch\/wp\/wp-json\/wp\/v2\/pages\/355"}],"wp:attachment":[{"href":"https:\/\/klausgesellschaft-muehlau.ch\/wp\/wp-json\/wp\/v2\/media?parent=718"}],"curies":[{"name":"wp","href":"https:\/\/api.w.org\/{rel}","templated":true}]}}